{"id":64,"date":"2022-03-22T17:28:13","date_gmt":"2022-03-22T16:28:13","guid":{"rendered":"https:\/\/www.antikes-flucher.at\/shipping-information\/"},"modified":"2024-01-18T08:31:56","modified_gmt":"2024-01-18T07:31:56","slug":"shipping-information","status":"publish","type":"page","link":"https:\/\/www.antikes-flucher.at\/en\/shipping-information\/","title":{"rendered":"Shipping Information"},"content":{"rendered":"\n<div class=\"wp-block-group is-nowrap is-layout-flex wp-container-core-group-is-layout-ad2f72ca wp-block-group-is-layout-flex\">\n<div class=\"wp-block-columns is-style-text is-layout-flex wp-container-core-columns-is-layout-9d6595d7 wp-block-columns-is-layout-flex\">\n<div class=\"wp-block-column is-layout-flow wp-block-column-is-layout-flow\"><h1 class=\"wp-block-heading has-extra-large-font-size\" id=\"shipping-delivery\">Shipping &amp; Delivery<\/h1>\n\n\n<p>We always ship our parcels insured and we pay the insurance for you. We bring our packages immediately to our postoffice every day, when the items are.<\/p>\n<\/div>\n\n\n\n<div class=\"wp-block-column is-layout-flow wp-block-column-is-layout-flow\">\n<p><strong>Shipping conditions<\/strong><br><br>Orders are processed on weekdays and shipped immediately. Our shipping partner is the Austrian Post. The packages will be shipped insured and you will receive the tracking information incl. the tracking number with the shipping confirmation.<br><br>The average shipping time is 10 to 15 business days. For delays beyond our control, we ask for your understanding.<br><br>If a deposited package does not need to be picked up at the post office and returned, we will have to charge for the return shipping costs incurred.<br><br><strong>Shipping costs<\/strong><br><br><strong>Austria<\/strong><br>For an article for one kilo 4,30 \u20ac + each additional kilo 1 \u20ac ,50<br><br><strong>Germany<\/strong><br>For an article for one kilo 9,30 \u20ac + each additional kilo 1,30 \u20ac<br><br><strong>Switzerland, Great Britain , Norway<\/strong><br>For an article for one kilo 14,00 \u20ac + each additional kilo 2,50 \u20ac<br><br><strong>Countries 1<\/strong><br>Italy, Belgium, Croatia , Czech Republic, Luxembourg, Netherlands, Slovenia, Hungary, Slovakia<br><br>For an article for one kilo 11,80 \u20ac + each additional kilo 1,60 \u20ac<br><br><strong>Countries 2<br><\/strong>Denmark, Finland, France, Sweden, Estonia, Greek, Malta, Ireland, Lat via, Liechtenstein, Spain, Portugal, Poland, Romania, Lithuania<br><strong><br><\/strong>For an article for one kilo 13,80 \u20ac + each additional kilo 1,60 \u20ac<br><strong><br><strong>Countries 4<\/strong><\/strong><br>\u00c4thiopia, Bahrain, Benin, Burkina Faso, Cameroon, Canada, Cape Verde, Djibouti, Eritrea, Gambia, Ghana, Guinea, Guinea-Bissau, Iraq, Iran, Israel, Jordan, Kazakhstan, Kyrgyzstan, Kuwait, Liberia, Mali, Yemen, Marshall Islands, Mauritania, Micronesia, Niger, Nigeria, Oman, Palau, Saudi Arabia, Senegal, Sierra Leone, Somalia, Sudan, Tajikistan, Togo, Chad, Turkmenistan, Uzbekistan, United Arab Emirates, United States of America, Central African Republic.<br><br>For an article for one kilo 17,50 \u20ac + each additional kilo 4,60 \u20ac<strong>   <strong>     <br>     <br><strong>Countries 5<\/strong>   <\/strong> <\/strong><br>Afghanistan, Angola, Anguilla, Antigua and Barbuda, Equatorial Guinea, Argentina, Aruba, Ascension, Bahamas, Bangladesh, Barbados, Belize, Bermuda, Bhutan, Bolivia, Botswana, Brazil, British Virgin Islands, Brunei, Burundi, Chile, China , Costa Rica, Cura\u00e7ao, Domini ca, Dominican Republic, Ecuador, El Salvador, Falkland Islands, French Guiana, Gabon, Grenada,<br>Guadeloupe, Guatemala, Guyana, Haiti, Honduras, Hong Kong, India, Indonesia, Jamaica, Japan, Cayman Islands, Cambodia, Colombia, Comoros, Democratic Republic of Congo, Republic of Korea, Laos, Lesotho, Macao, Madagascar, Malawi, Malaysia, Maldives, Martinique, Mauritius, Mayotte, Mexico, Mongolia, Montserrat, Mozambique, Myanmar, Namibia, Nepal, Nicaragua, Pakistan, Panama, Paraguay, Peru, Philippines, R\u00e9union, Rwanda, Democratic Republic of S\u00e3o Tom\u00e9 and Pr\u00edncipe, Seychelles, Singapore, Sri Lanka, St. Kitts and Nevis , St. Helena, St. Lucia, St. Martin, St. Pierre and Miquelon, St. Vincent and the Grenadines, South Africa, Suriname, Swaziland, Taiwan, Tanzania, Thailand, Democratic Republic of Timor-Leste, Trinidad and Tobago, Tristan da Cunha, Turks and Caicos Islands, Uganda, Uruguay, Venezuela, Vie tnam<br><br>For an article for one kilo 16,90 \u20ac + each additional kilo 4,60 \u20ac<br><br><strong>Countries 6<br><\/strong>Australia, New Zealand, Cook Island , Fiji Islands, French Polynesia, Wallis and Futuna Islands, Kiribati, Nauru, New Caledonia, Papua New Guinea, Pitcairn Islands, Solomon Islands, Samoa, Tonga, Tuvalu, Vanuatu<br><strong><strong><br><\/strong><\/strong>For an article for one kilo \u20ac 21.00 + each additional kilo \u20ac 6,20<\/p>\n<\/div>\n<\/div>\n<\/div>\n","protected":false},"excerpt":{"rendered":"<p>Shipping &amp; Delivery We always ship our parcels insured and we pay the insurance for you. We bring our packages immediately to our postoffice every day, when the items are. Shipping conditions Orders are processed on weekdays and shipped immediately. Our shipping partner is the Austrian Post. The packages will be shipped insured and you &hellip; <a href=\"https:\/\/www.antikes-flucher.at\/en\/shipping-information\/\">Continued<\/a><\/p>\n","protected":false},"author":1,"featured_media":0,"parent":0,"menu_order":0,"comment_status":"closed","ping_status":"closed","template":"","meta":{"_acf_changed":false,"footnotes":""},"class_list":["post-64","page","type-page","status-publish","hentry"],"acf":[],"_links":{"self":[{"href":"https:\/\/www.antikes-flucher.at\/en\/wp-json\/wp\/v2\/pages\/64","targetHints":{"allow":["GET"]}}],"collection":[{"href":"https:\/\/www.antikes-flucher.at\/en\/wp-json\/wp\/v2\/pages"}],"about":[{"href":"https:\/\/www.antikes-flucher.at\/en\/wp-json\/wp\/v2\/types\/page"}],"author":[{"embeddable":true,"href":"https:\/\/www.antikes-flucher.at\/en\/wp-json\/wp\/v2\/users\/1"}],"replies":[{"embeddable":true,"href":"https:\/\/www.antikes-flucher.at\/en\/wp-json\/wp\/v2\/comments?post=64"}],"version-history":[{"count":0,"href":"https:\/\/www.antikes-flucher.at\/en\/wp-json\/wp\/v2\/pages\/64\/revisions"}],"wp:attachment":[{"href":"https:\/\/www.antikes-flucher.at\/en\/wp-json\/wp\/v2\/media?parent=64"}],"curies":[{"name":"wp","href":"https:\/\/api.w.org\/{rel}","templated":true}]}}